{"id":2188058,"date":"2026-03-25T12:12:39","date_gmt":"2026-03-25T11:12:39","guid":{"rendered":"https:\/\/preprod.la-botte.com\/produit\/tmp-en-2188057\/"},"modified":"2026-03-25T12:12:40","modified_gmt":"2026-03-25T11:12:40","slug":"flex-tride-plus-sand-man","status":"publish","type":"product","link":"https:\/\/www.la-botte.com\/en\/product\/flex-tride-plus-sand-man\/","title":{"rendered":"FLEX TRIDE PLUS SAND MAN"},"content":{"rendered":"<table>\n<tbody>\n<tr>\n<th>Sizing<\/th>\n<td>Standard fit, we advise you to choose your usual fit<\/td>\n<\/tr>\n<tr>\n<th>Upper<\/th>\n<td>Suede+Textile<\/td>\n<\/tr>\n<tr>\n<th>Lining and insole<\/th>\n<td>Canvas + other materials<\/td>\n<\/tr>\n<tr>\n<th>Sole<\/th>\n<td>Ultralight rubber<\/td>\n<\/tr>\n<tr>\n<th>Laces<\/th>\n<td>Elastics<\/td>\n<\/tr>\n<tr>\n<th>Technology<\/th>\n<td><i>Fast In System<\/i>, slip into these shoes with great ease: no need to bend over or to use your hands!<\/td>\n<\/tr>\n<tr>\n<th>Technology<\/th>\n<td><i>Original Breathing System<\/i> : semelle ext\u00e9rieure perfor\u00e9e avec membrane respirante et imperm\u00e9able qui laisse respirer vos pieds et emp\u00eache l\u2019eau d\u2019entrer.<\/td>\n<\/tr>\n<tr>\n<th>Exclusive detail<\/th>\n<td>Removable insole<\/td>\n<\/tr>\n<\/tbody>\n<\/table>\n","protected":false},"excerpt":{"rendered":"<p>Beige suede Geox sneakers<\/p>\n","protected":false},"featured_media":745193,"comment_status":"open","ping_status":"closed","template":"","meta":{"_acf_changed":false,"inline_featured_image":false},"pages-promo":[],"selection":[7432,7412,7413,7411,7431],"product_brand":[4622],"product_cat":[7634,7648],"product_tag":[6327,6285],"class_list":{"0":"post-2188058","1":"product","2":"type-product","3":"status-publish","4":"has-post-thumbnail","6":"selection-selection_en_lightweight","7":"selection-selection_en_new-arrivals","8":"selection-nouveau","9":"selection-selection_fr_nouvelle-collection","10":"selection-selection_fr_ultra-leger","11":"product_brand-geox","12":"product_cat-mens-shoes","13":"product_cat-sneakers","14":"product_tag-cuirtextile","15":"product_tag-ete","16":"pa_coloris-beige","17":"pa_matiere-suede-2","18":"pa_sexe-men","19":"pa_style-sneakers","20":"pa_taille-7955","21":"pa_taille-7956","22":"pa_taille-7957","23":"pa_taille-7958","24":"pa_taille-7964","25":"pa_taille-7965","26":"pa_taille-7966","27":"pa_taille-7967","29":"first","30":"instock","31":"taxable","32":"shipping-taxable","33":"purchasable","34":"product-type-variable"},"acf":[],"yoast_head":"<!-- This site is optimized with the Yoast SEO Premium plugin v27.5 (Yoast SEO v27.5) - https:\/\/yoast.com\/product\/yoast-seo-premium-wordpress\/ -->\n<title>FLEX TRIDE PLUS SAND MAN - La Botte Chantilly<\/title>\n<meta name=\"robots\" content=\"index, follow, max-snippet:-1, max-image-preview:large, max-video-preview:-1\" \/>\n<link rel=\"canonical\" href=\"https:\/\/www.la-botte.com\/en\/product\/flex-tride-plus-sand-man\/\" \/>\n<meta property=\"og:locale\" content=\"en_US\" \/>\n<meta property=\"og:type\" content=\"article\" \/>\n<meta property=\"og:title\" content=\"FLEX TRIDE PLUS SAND MAN\" \/>\n<meta property=\"og:description\" content=\"Beige suede Geox sneakers\" \/>\n<meta property=\"og:url\" content=\"https:\/\/www.la-botte.com\/en\/product\/flex-tride-plus-sand-man\/\" \/>\n<meta property=\"og:site_name\" content=\"La Botte Chantilly\" \/>\n<meta property=\"article:publisher\" content=\"http:\/\/www.facebook.com\/labottechantilly\" \/>\n<meta property=\"article:modified_time\" content=\"2026-03-25T11:12:40+00:00\" \/>\n<meta property=\"og:image\" content=\"https:\/\/cdn.promatec.digital\/la-botte\/wp-content\/uploads\/306419_BD.jpg\" \/>\n\t<meta property=\"og:image:width\" content=\"1\" \/>\n\t<meta property=\"og:image:height\" content=\"1\" \/>\n\t<meta property=\"og:image:type\" content=\"image\/jpeg\" \/>\n<meta name=\"twitter:card\" content=\"summary_large_image\" \/>\n<meta name=\"twitter:label1\" content=\"Availability\" \/>\n\t<meta name=\"twitter:data1\" content=\"In stock\" \/>\n<script type=\"application\/ld+json\" class=\"yoast-schema-graph\">{\"@context\":\"https:\\\/\\\/schema.org\",\"@graph\":[{\"@type\":\"WebPage\",\"@id\":\"https:\\\/\\\/www.la-botte.com\\\/en\\\/product\\\/flex-tride-plus-sand-man\\\/\",\"url\":\"https:\\\/\\\/www.la-botte.com\\\/en\\\/product\\\/flex-tride-plus-sand-man\\\/\",\"name\":\"FLEX TRIDE PLUS SAND MAN - La Botte Chantilly\",\"isPartOf\":{\"@id\":\"https:\\\/\\\/www.la-botte.com\\\/en\\\/#website\"},\"primaryImageOfPage\":{\"@id\":\"https:\\\/\\\/www.la-botte.com\\\/en\\\/product\\\/flex-tride-plus-sand-man\\\/#primaryimage\"},\"image\":{\"@id\":\"https:\\\/\\\/www.la-botte.com\\\/en\\\/product\\\/flex-tride-plus-sand-man\\\/#primaryimage\"},\"thumbnailUrl\":\"https:\\\/\\\/cdn.promatec.digital\\\/la-botte\\\/wp-content\\\/uploads\\\/306419_BD.jpg\",\"datePublished\":\"2026-03-25T11:12:39+00:00\",\"dateModified\":\"2026-03-25T11:12:40+00:00\",\"breadcrumb\":{\"@id\":\"https:\\\/\\\/www.la-botte.com\\\/en\\\/product\\\/flex-tride-plus-sand-man\\\/#breadcrumb\"},\"inLanguage\":\"en-US\",\"potentialAction\":[{\"@type\":\"ReadAction\",\"target\":[\"https:\\\/\\\/www.la-botte.com\\\/en\\\/product\\\/flex-tride-plus-sand-man\\\/\"]}]},{\"@type\":\"ImageObject\",\"inLanguage\":\"en-US\",\"@id\":\"https:\\\/\\\/www.la-botte.com\\\/en\\\/product\\\/flex-tride-plus-sand-man\\\/#primaryimage\",\"url\":\"https:\\\/\\\/cdn.promatec.digital\\\/la-botte\\\/wp-content\\\/uploads\\\/306419_BD.jpg\",\"contentUrl\":\"https:\\\/\\\/cdn.promatec.digital\\\/la-botte\\\/wp-content\\\/uploads\\\/306419_BD.jpg\"},{\"@type\":\"BreadcrumbList\",\"@id\":\"https:\\\/\\\/www.la-botte.com\\\/en\\\/product\\\/flex-tride-plus-sand-man\\\/#breadcrumb\",\"itemListElement\":[{\"@type\":\"ListItem\",\"position\":1,\"name\":\"Home\",\"item\":\"https:\\\/\\\/www.la-botte.com\\\/en\\\/homepage\\\/\"},{\"@type\":\"ListItem\",\"position\":2,\"name\":\"Shop\",\"item\":\"https:\\\/\\\/www.la-botte.com\\\/en\\\/shop\\\/\"},{\"@type\":\"ListItem\",\"position\":3,\"name\":\"Geox\",\"item\":\"https:\\\/\\\/www.la-botte.com\\\/en\\\/brand\\\/geox\\\/\"},{\"@type\":\"ListItem\",\"position\":4,\"name\":\"FLEX TRIDE PLUS SAND MAN\"}]},{\"@type\":\"WebSite\",\"@id\":\"https:\\\/\\\/www.la-botte.com\\\/en\\\/#website\",\"url\":\"https:\\\/\\\/www.la-botte.com\\\/en\\\/\",\"name\":\"La Botte Chantilly\",\"description\":\"\",\"publisher\":{\"@id\":\"https:\\\/\\\/www.la-botte.com\\\/en\\\/#organization\"},\"potentialAction\":[{\"@type\":\"SearchAction\",\"target\":{\"@type\":\"EntryPoint\",\"urlTemplate\":\"https:\\\/\\\/www.la-botte.com\\\/en\\\/?s={search_term_string}\"},\"query-input\":{\"@type\":\"PropertyValueSpecification\",\"valueRequired\":true,\"valueName\":\"search_term_string\"}}],\"inLanguage\":\"en-US\"},{\"@type\":\"Organization\",\"@id\":\"https:\\\/\\\/www.la-botte.com\\\/en\\\/#organization\",\"name\":\"La Botte Chantilly\",\"url\":\"https:\\\/\\\/www.la-botte.com\\\/en\\\/\",\"logo\":{\"@type\":\"ImageObject\",\"inLanguage\":\"en-US\",\"@id\":\"https:\\\/\\\/www.la-botte.com\\\/en\\\/#\\\/schema\\\/logo\\\/image\\\/\",\"url\":\"https:\\\/\\\/cdn.promatec.digital\\\/la-botte\\\/wp-content\\\/uploads\\\/2025\\\/02\\\/logo-labotte.png\",\"contentUrl\":\"https:\\\/\\\/cdn.promatec.digital\\\/la-botte\\\/wp-content\\\/uploads\\\/2025\\\/02\\\/logo-labotte.png\",\"width\":600,\"height\":347,\"caption\":\"La Botte Chantilly\"},\"image\":{\"@id\":\"https:\\\/\\\/www.la-botte.com\\\/en\\\/#\\\/schema\\\/logo\\\/image\\\/\"},\"sameAs\":[\"http:\\\/\\\/www.facebook.com\\\/labottechantilly\",\"http:\\\/\\\/www.instagram.com\\\/labottechantilly\",\"https:\\\/\\\/www.linkedin.com\\\/company\\\/la-botte-chantilly\\\/posts\\\/?feedView=all\"]}]}<\/script>\n<meta property=\"og:availability\" content=\"instock\" \/>\n<meta property=\"product:availability\" content=\"instock\" \/>\n<meta property=\"product:retailer_item_id\" content=\"306419\" \/>\n<meta property=\"product:condition\" content=\"new\" \/>\n<!-- \/ Yoast SEO Premium plugin. -->","yoast_head_json":{"title":"FLEX TRIDE PLUS SAND MAN - La Botte Chantilly","robots":{"index":"index","follow":"follow","max-snippet":"max-snippet:-1","max-image-preview":"max-image-preview:large","max-video-preview":"max-video-preview:-1"},"canonical":"https:\/\/www.la-botte.com\/en\/product\/flex-tride-plus-sand-man\/","og_locale":"en_US","og_type":"article","og_title":"FLEX TRIDE PLUS SAND MAN","og_description":"Beige suede Geox sneakers","og_url":"https:\/\/www.la-botte.com\/en\/product\/flex-tride-plus-sand-man\/","og_site_name":"La Botte Chantilly","article_publisher":"http:\/\/www.facebook.com\/labottechantilly","article_modified_time":"2026-03-25T11:12:40+00:00","og_image":[{"url":"https:\/\/cdn.promatec.digital\/la-botte\/wp-content\/uploads\/306419_BD.jpg","width":1,"height":1,"type":"image\/jpeg"}],"twitter_card":"summary_large_image","twitter_misc":{"Availability":"In stock"},"schema":{"@context":"https:\/\/schema.org","@graph":[{"@type":"WebPage","@id":"https:\/\/www.la-botte.com\/en\/product\/flex-tride-plus-sand-man\/","url":"https:\/\/www.la-botte.com\/en\/product\/flex-tride-plus-sand-man\/","name":"FLEX TRIDE PLUS SAND MAN - La Botte Chantilly","isPartOf":{"@id":"https:\/\/www.la-botte.com\/en\/#website"},"primaryImageOfPage":{"@id":"https:\/\/www.la-botte.com\/en\/product\/flex-tride-plus-sand-man\/#primaryimage"},"image":{"@id":"https:\/\/www.la-botte.com\/en\/product\/flex-tride-plus-sand-man\/#primaryimage"},"thumbnailUrl":"https:\/\/cdn.promatec.digital\/la-botte\/wp-content\/uploads\/306419_BD.jpg","datePublished":"2026-03-25T11:12:39+00:00","dateModified":"2026-03-25T11:12:40+00:00","breadcrumb":{"@id":"https:\/\/www.la-botte.com\/en\/product\/flex-tride-plus-sand-man\/#breadcrumb"},"inLanguage":"en-US","potentialAction":[{"@type":"ReadAction","target":["https:\/\/www.la-botte.com\/en\/product\/flex-tride-plus-sand-man\/"]}]},{"@type":"ImageObject","inLanguage":"en-US","@id":"https:\/\/www.la-botte.com\/en\/product\/flex-tride-plus-sand-man\/#primaryimage","url":"https:\/\/cdn.promatec.digital\/la-botte\/wp-content\/uploads\/306419_BD.jpg","contentUrl":"https:\/\/cdn.promatec.digital\/la-botte\/wp-content\/uploads\/306419_BD.jpg"},{"@type":"BreadcrumbList","@id":"https:\/\/www.la-botte.com\/en\/product\/flex-tride-plus-sand-man\/#breadcrumb","itemListElement":[{"@type":"ListItem","position":1,"name":"Home","item":"https:\/\/www.la-botte.com\/en\/homepage\/"},{"@type":"ListItem","position":2,"name":"Shop","item":"https:\/\/www.la-botte.com\/en\/shop\/"},{"@type":"ListItem","position":3,"name":"Geox","item":"https:\/\/www.la-botte.com\/en\/brand\/geox\/"},{"@type":"ListItem","position":4,"name":"FLEX TRIDE PLUS SAND MAN"}]},{"@type":"WebSite","@id":"https:\/\/www.la-botte.com\/en\/#website","url":"https:\/\/www.la-botte.com\/en\/","name":"La Botte Chantilly","description":"","publisher":{"@id":"https:\/\/www.la-botte.com\/en\/#organization"},"potentialAction":[{"@type":"SearchAction","target":{"@type":"EntryPoint","urlTemplate":"https:\/\/www.la-botte.com\/en\/?s={search_term_string}"},"query-input":{"@type":"PropertyValueSpecification","valueRequired":true,"valueName":"search_term_string"}}],"inLanguage":"en-US"},{"@type":"Organization","@id":"https:\/\/www.la-botte.com\/en\/#organization","name":"La Botte Chantilly","url":"https:\/\/www.la-botte.com\/en\/","logo":{"@type":"ImageObject","inLanguage":"en-US","@id":"https:\/\/www.la-botte.com\/en\/#\/schema\/logo\/image\/","url":"https:\/\/cdn.promatec.digital\/la-botte\/wp-content\/uploads\/2025\/02\/logo-labotte.png","contentUrl":"https:\/\/cdn.promatec.digital\/la-botte\/wp-content\/uploads\/2025\/02\/logo-labotte.png","width":600,"height":347,"caption":"La Botte Chantilly"},"image":{"@id":"https:\/\/www.la-botte.com\/en\/#\/schema\/logo\/image\/"},"sameAs":["http:\/\/www.facebook.com\/labottechantilly","http:\/\/www.instagram.com\/labottechantilly","https:\/\/www.linkedin.com\/company\/la-botte-chantilly\/posts\/?feedView=all"]}]},"og_availability":"instock","product_availability":"instock","product_retailer_item_id":"306419","product_condition":"new"},"_links":{"self":[{"href":"https:\/\/www.la-botte.com\/en\/wp-json\/wp\/v2\/product\/2188058","targetHints":{"allow":["GET"]}}],"collection":[{"href":"https:\/\/www.la-botte.com\/en\/wp-json\/wp\/v2\/product"}],"about":[{"href":"https:\/\/www.la-botte.com\/en\/wp-json\/wp\/v2\/types\/product"}],"replies":[{"embeddable":true,"href":"https:\/\/www.la-botte.com\/en\/wp-json\/wp\/v2\/comments?post=2188058"}],"version-history":[{"count":0,"href":"https:\/\/www.la-botte.com\/en\/wp-json\/wp\/v2\/product\/2188058\/revisions"}],"wp:featuredmedia":[{"embeddable":true,"href":"https:\/\/www.la-botte.com\/en\/wp-json\/wp\/v2\/media\/745193"}],"wp:attachment":[{"href":"https:\/\/www.la-botte.com\/en\/wp-json\/wp\/v2\/media?parent=2188058"}],"wp:term":[{"taxonomy":"pages-promo","embeddable":true,"href":"https:\/\/www.la-botte.com\/en\/wp-json\/wp\/v2\/pages-promo?post=2188058"},{"taxonomy":"selection","embeddable":true,"href":"https:\/\/www.la-botte.com\/en\/wp-json\/wp\/v2\/selection?post=2188058"},{"taxonomy":"product_brand","embeddable":true,"href":"https:\/\/www.la-botte.com\/en\/wp-json\/wp\/v2\/product_brand?post=2188058"},{"taxonomy":"product_cat","embeddable":true,"href":"https:\/\/www.la-botte.com\/en\/wp-json\/wp\/v2\/product_cat?post=2188058"},{"taxonomy":"product_tag","embeddable":true,"href":"https:\/\/www.la-botte.com\/en\/wp-json\/wp\/v2\/product_tag?post=2188058"}],"curies":[{"name":"wp","href":"https:\/\/api.w.org\/{rel}","templated":true}]}}