{"id":2079321,"date":"2026-03-21T00:55:23","date_gmt":"2026-03-20T23:55:23","guid":{"rendered":"https:\/\/preprod.la-botte.com\/produit\/tmp-en-2079320-69bdde6be1ad8\/"},"modified":"2026-03-21T00:55:23","modified_gmt":"2026-03-20T23:55:23","slug":"aubepine-scratch-fur-cognac","status":"publish","type":"product","link":"https:\/\/www.la-botte.com\/en\/product\/aubepine-scratch-fur-cognac\/","title":{"rendered":"AUBEPINE SCRATCH FUR COGNAC"},"content":{"rendered":"<table>\n<tbody>\n<tr>\n<th>Upper<\/th>\n<td>Suede<\/td>\n<\/tr>\n<tr>\n<th>Lining and insole<\/th>\n<td>Wool<\/td>\n<\/tr>\n<tr>\n<th>Sole<\/th>\n<td>Rubber<\/td>\n<\/tr>\n<tr>\n<th>Certificate<\/th>\n<td>STANDARD 100 by OEKO-TEX\u00ae<\/td>\n<\/tr>\n<tr>\n<th>Certificate<\/th>\n<td>REACH, against the effects of noxious substances<\/td>\n<\/tr>\n<tr>\n<th>Certificate<\/th>\n<td>Quality leather certified by LWG (Leather Working Group) eco-friendly tanneries<\/td>\n<\/tr>\n<tr>\n<th>Design<\/th>\n<td>Pens\u00e9 et dessin\u00e9 \u00e0 Gen\u00e8ve, en Suisse<\/td>\n<\/tr>\n<tr>\n<th>Country of production<\/th>\n<td>Portugal \ud83c\uddf5\ud83c\uddf9<\/td>\n<\/tr>\n<tr>\n<th>Exclusive detail<\/th>\n<td>Padded heel collar for added comfort<\/td>\n<\/tr>\n<tr>\n<th>Exclusive detail<\/th>\n<td>Removable ergonomic leather-lined insole<\/td>\n<\/tr>\n<\/tbody>\n<\/table>\n","protected":false},"excerpt":{"rendered":"<p>Brown leather Benjie velcro boots<\/p>\n","protected":false},"featured_media":1743526,"comment_status":"open","ping_status":"closed","template":"","meta":{"_acf_changed":false,"inline_featured_image":false},"pages-promo":[],"selection":[7448,7391,7427,7395,7392,7449,7417,7396],"product_brand":[4323],"product_cat":[7624,7626,7631],"product_tag":[6288,6289,6331,6298],"class_list":{"0":"post-2079321","1":"product","2":"type-product","3":"status-publish","4":"has-post-thumbnail","6":"selection-fr_fabrique-au-portugal","7":"selection-selection_fr_fabrique-en-europe","8":"selection-en_first-steps","9":"selection-fr_ideal-pour-lhiver","10":"selection-selection_en_made-in-europe","11":"selection-en_made-in-portugal","12":"selection-premiers-pas","13":"selection-en_winterproof","14":"product_brand-benjie","15":"product_cat-boys-shoes","16":"product_cat-lace-up-boots-and-ankle-boots","17":"product_cat-winter-shoes","18":"product_tag-bebe","19":"product_tag-cuir","20":"product_tag-fourres","21":"product_tag-hiver","22":"pa_coloris-brown","23":"pa_matiere-leather-2","24":"pa_sexe-boys","25":"pa_sous-style-1-chaussures-fourrees","26":"pa_sous-style-2-premiers-pas","27":"pa_style-bottines-a-scratch","28":"pa_taille-5937","29":"pa_taille-5892","30":"pa_taille-5889","31":"pa_taille-5941","33":"first","34":"instock","35":"taxable","36":"shipping-taxable","37":"purchasable","38":"product-type-variable"},"acf":[],"yoast_head":"<!-- This site is optimized with the Yoast SEO Premium plugin v27.5 (Yoast SEO v27.5) - https:\/\/yoast.com\/product\/yoast-seo-premium-wordpress\/ -->\n<title>AUBEPINE SCRATCH FUR COGNAC - La Botte Chantilly<\/title>\n<meta name=\"robots\" content=\"index, follow, max-snippet:-1, max-image-preview:large, max-video-preview:-1\" \/>\n<link rel=\"canonical\" href=\"https:\/\/www.la-botte.com\/en\/product\/aubepine-scratch-fur-cognac\/\" \/>\n<meta property=\"og:locale\" content=\"en_US\" \/>\n<meta property=\"og:type\" content=\"article\" \/>\n<meta property=\"og:title\" content=\"AUBEPINE SCRATCH FUR COGNAC\" \/>\n<meta property=\"og:description\" content=\"Brown leather Benjie velcro boots\" \/>\n<meta property=\"og:url\" content=\"https:\/\/www.la-botte.com\/en\/product\/aubepine-scratch-fur-cognac\/\" \/>\n<meta property=\"og:site_name\" content=\"La Botte Chantilly\" \/>\n<meta property=\"article:publisher\" content=\"http:\/\/www.facebook.com\/labottechantilly\" \/>\n<meta property=\"og:image\" content=\"https:\/\/cdn.promatec.digital\/la-botte\/wp-content\/uploads\/2026\/03\/303386_BD.jpg\" \/>\n\t<meta property=\"og:image:width\" content=\"200\" \/>\n\t<meta property=\"og:image:height\" content=\"68\" \/>\n\t<meta property=\"og:image:type\" content=\"image\/jpeg\" \/>\n<meta name=\"twitter:card\" content=\"summary_large_image\" \/>\n<meta name=\"twitter:label1\" content=\"Availability\" \/>\n\t<meta name=\"twitter:data1\" content=\"In stock\" \/>\n<script type=\"application\/ld+json\" class=\"yoast-schema-graph\">{\"@context\":\"https:\\\/\\\/schema.org\",\"@graph\":[{\"@type\":\"WebPage\",\"@id\":\"https:\\\/\\\/www.la-botte.com\\\/en\\\/product\\\/aubepine-scratch-fur-cognac\\\/\",\"url\":\"https:\\\/\\\/www.la-botte.com\\\/en\\\/product\\\/aubepine-scratch-fur-cognac\\\/\",\"name\":\"AUBEPINE SCRATCH FUR COGNAC - La Botte Chantilly\",\"isPartOf\":{\"@id\":\"https:\\\/\\\/www.la-botte.com\\\/en\\\/#website\"},\"primaryImageOfPage\":{\"@id\":\"https:\\\/\\\/www.la-botte.com\\\/en\\\/product\\\/aubepine-scratch-fur-cognac\\\/#primaryimage\"},\"image\":{\"@id\":\"https:\\\/\\\/www.la-botte.com\\\/en\\\/product\\\/aubepine-scratch-fur-cognac\\\/#primaryimage\"},\"thumbnailUrl\":\"https:\\\/\\\/cdn.promatec.digital\\\/la-botte\\\/wp-content\\\/uploads\\\/2026\\\/03\\\/303386_BD.jpg\",\"datePublished\":\"2026-03-20T23:55:23+00:00\",\"breadcrumb\":{\"@id\":\"https:\\\/\\\/www.la-botte.com\\\/en\\\/product\\\/aubepine-scratch-fur-cognac\\\/#breadcrumb\"},\"inLanguage\":\"en-US\",\"potentialAction\":[{\"@type\":\"ReadAction\",\"target\":[\"https:\\\/\\\/www.la-botte.com\\\/en\\\/product\\\/aubepine-scratch-fur-cognac\\\/\"]}]},{\"@type\":\"ImageObject\",\"inLanguage\":\"en-US\",\"@id\":\"https:\\\/\\\/www.la-botte.com\\\/en\\\/product\\\/aubepine-scratch-fur-cognac\\\/#primaryimage\",\"url\":\"https:\\\/\\\/cdn.promatec.digital\\\/la-botte\\\/wp-content\\\/uploads\\\/2026\\\/03\\\/303386_BD.jpg\",\"contentUrl\":\"https:\\\/\\\/cdn.promatec.digital\\\/la-botte\\\/wp-content\\\/uploads\\\/2026\\\/03\\\/303386_BD.jpg\",\"width\":200,\"height\":68},{\"@type\":\"BreadcrumbList\",\"@id\":\"https:\\\/\\\/www.la-botte.com\\\/en\\\/product\\\/aubepine-scratch-fur-cognac\\\/#breadcrumb\",\"itemListElement\":[{\"@type\":\"ListItem\",\"position\":1,\"name\":\"Home\",\"item\":\"https:\\\/\\\/www.la-botte.com\\\/en\\\/homepage\\\/\"},{\"@type\":\"ListItem\",\"position\":2,\"name\":\"Shop\",\"item\":\"https:\\\/\\\/www.la-botte.com\\\/en\\\/shop\\\/\"},{\"@type\":\"ListItem\",\"position\":3,\"name\":\"Benjie\",\"item\":\"https:\\\/\\\/www.la-botte.com\\\/marque\\\/benjie\\\/\"},{\"@type\":\"ListItem\",\"position\":4,\"name\":\"AUBEPINE SCRATCH FUR COGNAC\"}]},{\"@type\":\"WebSite\",\"@id\":\"https:\\\/\\\/www.la-botte.com\\\/en\\\/#website\",\"url\":\"https:\\\/\\\/www.la-botte.com\\\/en\\\/\",\"name\":\"La Botte Chantilly\",\"description\":\"\",\"publisher\":{\"@id\":\"https:\\\/\\\/www.la-botte.com\\\/en\\\/#organization\"},\"potentialAction\":[{\"@type\":\"SearchAction\",\"target\":{\"@type\":\"EntryPoint\",\"urlTemplate\":\"https:\\\/\\\/www.la-botte.com\\\/en\\\/?s={search_term_string}\"},\"query-input\":{\"@type\":\"PropertyValueSpecification\",\"valueRequired\":true,\"valueName\":\"search_term_string\"}}],\"inLanguage\":\"en-US\"},{\"@type\":\"Organization\",\"@id\":\"https:\\\/\\\/www.la-botte.com\\\/en\\\/#organization\",\"name\":\"La Botte Chantilly\",\"url\":\"https:\\\/\\\/www.la-botte.com\\\/en\\\/\",\"logo\":{\"@type\":\"ImageObject\",\"inLanguage\":\"en-US\",\"@id\":\"https:\\\/\\\/www.la-botte.com\\\/en\\\/#\\\/schema\\\/logo\\\/image\\\/\",\"url\":\"https:\\\/\\\/cdn.promatec.digital\\\/la-botte\\\/wp-content\\\/uploads\\\/2025\\\/02\\\/logo-labotte.png\",\"contentUrl\":\"https:\\\/\\\/cdn.promatec.digital\\\/la-botte\\\/wp-content\\\/uploads\\\/2025\\\/02\\\/logo-labotte.png\",\"width\":600,\"height\":347,\"caption\":\"La Botte Chantilly\"},\"image\":{\"@id\":\"https:\\\/\\\/www.la-botte.com\\\/en\\\/#\\\/schema\\\/logo\\\/image\\\/\"},\"sameAs\":[\"http:\\\/\\\/www.facebook.com\\\/labottechantilly\",\"http:\\\/\\\/www.instagram.com\\\/labottechantilly\",\"https:\\\/\\\/www.linkedin.com\\\/company\\\/la-botte-chantilly\\\/posts\\\/?feedView=all\"]}]}<\/script>\n<meta property=\"og:availability\" content=\"instock\" \/>\n<meta property=\"product:availability\" content=\"instock\" \/>\n<meta property=\"product:retailer_item_id\" content=\"303386\" \/>\n<meta property=\"product:condition\" content=\"new\" \/>\n<!-- \/ Yoast SEO Premium plugin. -->","yoast_head_json":{"title":"AUBEPINE SCRATCH FUR COGNAC - La Botte Chantilly","robots":{"index":"index","follow":"follow","max-snippet":"max-snippet:-1","max-image-preview":"max-image-preview:large","max-video-preview":"max-video-preview:-1"},"canonical":"https:\/\/www.la-botte.com\/en\/product\/aubepine-scratch-fur-cognac\/","og_locale":"en_US","og_type":"article","og_title":"AUBEPINE SCRATCH FUR COGNAC","og_description":"Brown leather Benjie velcro boots","og_url":"https:\/\/www.la-botte.com\/en\/product\/aubepine-scratch-fur-cognac\/","og_site_name":"La Botte Chantilly","article_publisher":"http:\/\/www.facebook.com\/labottechantilly","og_image":[{"width":200,"height":68,"url":"https:\/\/cdn.promatec.digital\/la-botte\/wp-content\/uploads\/2026\/03\/303386_BD.jpg","type":"image\/jpeg"}],"twitter_card":"summary_large_image","twitter_misc":{"Availability":"In stock"},"schema":{"@context":"https:\/\/schema.org","@graph":[{"@type":"WebPage","@id":"https:\/\/www.la-botte.com\/en\/product\/aubepine-scratch-fur-cognac\/","url":"https:\/\/www.la-botte.com\/en\/product\/aubepine-scratch-fur-cognac\/","name":"AUBEPINE SCRATCH FUR COGNAC - La Botte Chantilly","isPartOf":{"@id":"https:\/\/www.la-botte.com\/en\/#website"},"primaryImageOfPage":{"@id":"https:\/\/www.la-botte.com\/en\/product\/aubepine-scratch-fur-cognac\/#primaryimage"},"image":{"@id":"https:\/\/www.la-botte.com\/en\/product\/aubepine-scratch-fur-cognac\/#primaryimage"},"thumbnailUrl":"https:\/\/cdn.promatec.digital\/la-botte\/wp-content\/uploads\/2026\/03\/303386_BD.jpg","datePublished":"2026-03-20T23:55:23+00:00","breadcrumb":{"@id":"https:\/\/www.la-botte.com\/en\/product\/aubepine-scratch-fur-cognac\/#breadcrumb"},"inLanguage":"en-US","potentialAction":[{"@type":"ReadAction","target":["https:\/\/www.la-botte.com\/en\/product\/aubepine-scratch-fur-cognac\/"]}]},{"@type":"ImageObject","inLanguage":"en-US","@id":"https:\/\/www.la-botte.com\/en\/product\/aubepine-scratch-fur-cognac\/#primaryimage","url":"https:\/\/cdn.promatec.digital\/la-botte\/wp-content\/uploads\/2026\/03\/303386_BD.jpg","contentUrl":"https:\/\/cdn.promatec.digital\/la-botte\/wp-content\/uploads\/2026\/03\/303386_BD.jpg","width":200,"height":68},{"@type":"BreadcrumbList","@id":"https:\/\/www.la-botte.com\/en\/product\/aubepine-scratch-fur-cognac\/#breadcrumb","itemListElement":[{"@type":"ListItem","position":1,"name":"Home","item":"https:\/\/www.la-botte.com\/en\/homepage\/"},{"@type":"ListItem","position":2,"name":"Shop","item":"https:\/\/www.la-botte.com\/en\/shop\/"},{"@type":"ListItem","position":3,"name":"Benjie","item":"https:\/\/www.la-botte.com\/marque\/benjie\/"},{"@type":"ListItem","position":4,"name":"AUBEPINE SCRATCH FUR COGNAC"}]},{"@type":"WebSite","@id":"https:\/\/www.la-botte.com\/en\/#website","url":"https:\/\/www.la-botte.com\/en\/","name":"La Botte Chantilly","description":"","publisher":{"@id":"https:\/\/www.la-botte.com\/en\/#organization"},"potentialAction":[{"@type":"SearchAction","target":{"@type":"EntryPoint","urlTemplate":"https:\/\/www.la-botte.com\/en\/?s={search_term_string}"},"query-input":{"@type":"PropertyValueSpecification","valueRequired":true,"valueName":"search_term_string"}}],"inLanguage":"en-US"},{"@type":"Organization","@id":"https:\/\/www.la-botte.com\/en\/#organization","name":"La Botte Chantilly","url":"https:\/\/www.la-botte.com\/en\/","logo":{"@type":"ImageObject","inLanguage":"en-US","@id":"https:\/\/www.la-botte.com\/en\/#\/schema\/logo\/image\/","url":"https:\/\/cdn.promatec.digital\/la-botte\/wp-content\/uploads\/2025\/02\/logo-labotte.png","contentUrl":"https:\/\/cdn.promatec.digital\/la-botte\/wp-content\/uploads\/2025\/02\/logo-labotte.png","width":600,"height":347,"caption":"La Botte Chantilly"},"image":{"@id":"https:\/\/www.la-botte.com\/en\/#\/schema\/logo\/image\/"},"sameAs":["http:\/\/www.facebook.com\/labottechantilly","http:\/\/www.instagram.com\/labottechantilly","https:\/\/www.linkedin.com\/company\/la-botte-chantilly\/posts\/?feedView=all"]}]},"og_availability":"instock","product_availability":"instock","product_retailer_item_id":"303386","product_condition":"new"},"_links":{"self":[{"href":"https:\/\/www.la-botte.com\/en\/wp-json\/wp\/v2\/product\/2079321","targetHints":{"allow":["GET"]}}],"collection":[{"href":"https:\/\/www.la-botte.com\/en\/wp-json\/wp\/v2\/product"}],"about":[{"href":"https:\/\/www.la-botte.com\/en\/wp-json\/wp\/v2\/types\/product"}],"replies":[{"embeddable":true,"href":"https:\/\/www.la-botte.com\/en\/wp-json\/wp\/v2\/comments?post=2079321"}],"version-history":[{"count":0,"href":"https:\/\/www.la-botte.com\/en\/wp-json\/wp\/v2\/product\/2079321\/revisions"}],"wp:featuredmedia":[{"embeddable":true,"href":"https:\/\/www.la-botte.com\/en\/wp-json\/wp\/v2\/media\/1743526"}],"wp:attachment":[{"href":"https:\/\/www.la-botte.com\/en\/wp-json\/wp\/v2\/media?parent=2079321"}],"wp:term":[{"taxonomy":"pages-promo","embeddable":true,"href":"https:\/\/www.la-botte.com\/en\/wp-json\/wp\/v2\/pages-promo?post=2079321"},{"taxonomy":"selection","embeddable":true,"href":"https:\/\/www.la-botte.com\/en\/wp-json\/wp\/v2\/selection?post=2079321"},{"taxonomy":"product_brand","embeddable":true,"href":"https:\/\/www.la-botte.com\/en\/wp-json\/wp\/v2\/product_brand?post=2079321"},{"taxonomy":"product_cat","embeddable":true,"href":"https:\/\/www.la-botte.com\/en\/wp-json\/wp\/v2\/product_cat?post=2079321"},{"taxonomy":"product_tag","embeddable":true,"href":"https:\/\/www.la-botte.com\/en\/wp-json\/wp\/v2\/product_tag?post=2079321"}],"curies":[{"name":"wp","href":"https:\/\/api.w.org\/{rel}","templated":true}]}}