{"id":1550890,"date":"2026-03-07T07:47:49","date_gmt":"2026-03-07T06:47:49","guid":{"rendered":"https:\/\/preprod.la-botte.com\/produit\/myrtille-b-blanc-vert-bleu-2\/"},"modified":"2026-03-07T07:47:49","modified_gmt":"2026-03-07T06:47:49","slug":"myrtille-b-blanc-vert-bleu","status":"publish","type":"product","link":"https:\/\/www.la-botte.com\/en\/product\/myrtille-b-blanc-vert-bleu\/","title":{"rendered":"MYRTILLE B BLANC VERT BLEU"},"content":{"rendered":"<table>\n<tbody>\n<tr>\n<th>Sizing<\/th>\n<td>Regular<\/td>\n<\/tr>\n<tr>\n<th>Upper<\/th>\n<td>Suede<\/td>\n<\/tr>\n<tr>\n<th>Lining and insole<\/th>\n<td>Chrome-free leather<\/td>\n<\/tr>\n<tr>\n<th>Sole<\/th>\n<td>Rubber<\/td>\n<\/tr>\n<tr>\n<th>Certificate<\/th>\n<td>STANDARD 100 by OEKO-TEX\u00ae<\/td>\n<\/tr>\n<tr>\n<th>Certificate<\/th>\n<td>REACH, against the effects of noxious substances<\/td>\n<\/tr>\n<tr>\n<th>Certificate<\/th>\n<td>Quality leather certified by LWG (Leather Working Group) eco-friendly tanneries<\/td>\n<\/tr>\n<tr>\n<th>Design<\/th>\n<td>Pens\u00e9 et dessin\u00e9 \u00e0 Gen\u00e8ve, en Suisse<\/td>\n<\/tr>\n<tr>\n<th>Country of production<\/th>\n<td>Portugal \ud83c\uddf5\ud83c\uddf9<\/td>\n<\/tr>\n<tr>\n<th>Exclusive detail<\/th>\n<td>Padded heel collar for added comfort<\/td>\n<\/tr>\n<tr>\n<th>Exclusive detail<\/th>\n<td>Removable ergonomic leather-lined insole<\/td>\n<\/tr>\n<\/tbody>\n<\/table>\n","protected":false},"excerpt":{"rendered":"<p>White leather Benjie velcro sneakers<\/p>\n","protected":false},"featured_media":1550872,"comment_status":"open","ping_status":"closed","template":"","meta":{"_acf_changed":false,"inline_featured_image":false},"pages-promo":[],"selection":[7448,7391,7427,7392,7449,7417],"product_brand":[4323],"product_cat":[7624,7918,7920,7625,7927,7632],"product_tag":[6288,6287,6289,6285],"class_list":{"0":"post-1550890","1":"product","2":"type-product","3":"status-publish","4":"has-post-thumbnail","6":"selection-fr_fabrique-au-portugal","7":"selection-selection_fr_fabrique-en-europe","8":"selection-en_first-steps","9":"selection-selection_en_made-in-europe","10":"selection-en_made-in-portugal","11":"selection-premiers-pas","12":"product_brand-benjie","13":"product_cat-boys-shoes","14":"product_cat-girls-shoes","15":"product_cat-trainers","17":"product_cat-velcro-shoes","19":"product_tag-bebe","20":"product_tag-chaussures-a-scratch","21":"product_tag-cuir","22":"product_tag-ete","23":"pa_coloris-white","24":"pa_matiere-cuir","25":"pa_sexe-boys","26":"pa_sexe-girls","27":"pa_sous-style-1-chaussures-a-scratch","28":"pa_sous-style-2-premiers-pas","29":"pa_style-baskets-a-scratch","30":"pa_taille-5937","31":"pa_taille-5892","32":"pa_taille-5889","33":"pa_taille-5891","35":"first","36":"instock","37":"taxable","38":"shipping-taxable","39":"purchasable","40":"product-type-variable"},"acf":[],"yoast_head":"<!-- This site is optimized with the Yoast SEO Premium plugin v27.5 (Yoast SEO v27.5) - https:\/\/yoast.com\/product\/yoast-seo-premium-wordpress\/ -->\n<title>MYRTILLE B BLANC VERT BLEU - La Botte Chantilly<\/title>\n<meta name=\"robots\" content=\"index, follow, max-snippet:-1, max-image-preview:large, max-video-preview:-1\" \/>\n<link rel=\"canonical\" href=\"https:\/\/www.la-botte.com\/en\/product\/myrtille-b-blanc-vert-bleu\/\" \/>\n<meta property=\"og:locale\" content=\"en_US\" \/>\n<meta property=\"og:type\" content=\"article\" \/>\n<meta property=\"og:title\" content=\"MYRTILLE B BLANC VERT BLEU\" \/>\n<meta property=\"og:description\" content=\"White leather Benjie velcro sneakers\" \/>\n<meta property=\"og:url\" content=\"https:\/\/www.la-botte.com\/en\/product\/myrtille-b-blanc-vert-bleu\/\" \/>\n<meta property=\"og:site_name\" content=\"La Botte Chantilly\" \/>\n<meta property=\"article:publisher\" content=\"http:\/\/www.facebook.com\/labottechantilly\" \/>\n<meta property=\"og:image\" content=\"https:\/\/cdn.promatec.digital\/la-botte\/wp-content\/uploads\/2026\/03\/298049_BD.jpg\" \/>\n\t<meta property=\"og:image:width\" content=\"200\" \/>\n\t<meta property=\"og:image:height\" content=\"67\" \/>\n\t<meta property=\"og:image:type\" content=\"image\/jpeg\" \/>\n<meta name=\"twitter:card\" content=\"summary_large_image\" \/>\n<meta name=\"twitter:label1\" content=\"Availability\" \/>\n\t<meta name=\"twitter:data1\" content=\"In stock\" \/>\n<script type=\"application\/ld+json\" class=\"yoast-schema-graph\">{\"@context\":\"https:\\\/\\\/schema.org\",\"@graph\":[{\"@type\":\"WebPage\",\"@id\":\"https:\\\/\\\/www.la-botte.com\\\/en\\\/product\\\/myrtille-b-blanc-vert-bleu\\\/\",\"url\":\"https:\\\/\\\/www.la-botte.com\\\/en\\\/product\\\/myrtille-b-blanc-vert-bleu\\\/\",\"name\":\"MYRTILLE B BLANC VERT BLEU - La Botte Chantilly\",\"isPartOf\":{\"@id\":\"https:\\\/\\\/www.la-botte.com\\\/en\\\/#website\"},\"primaryImageOfPage\":{\"@id\":\"https:\\\/\\\/www.la-botte.com\\\/en\\\/product\\\/myrtille-b-blanc-vert-bleu\\\/#primaryimage\"},\"image\":{\"@id\":\"https:\\\/\\\/www.la-botte.com\\\/en\\\/product\\\/myrtille-b-blanc-vert-bleu\\\/#primaryimage\"},\"thumbnailUrl\":\"https:\\\/\\\/cdn.promatec.digital\\\/la-botte\\\/wp-content\\\/uploads\\\/2026\\\/03\\\/298049_BD.jpg\",\"datePublished\":\"2026-03-07T06:47:49+00:00\",\"breadcrumb\":{\"@id\":\"https:\\\/\\\/www.la-botte.com\\\/en\\\/product\\\/myrtille-b-blanc-vert-bleu\\\/#breadcrumb\"},\"inLanguage\":\"en-US\",\"potentialAction\":[{\"@type\":\"ReadAction\",\"target\":[\"https:\\\/\\\/www.la-botte.com\\\/en\\\/product\\\/myrtille-b-blanc-vert-bleu\\\/\"]}]},{\"@type\":\"ImageObject\",\"inLanguage\":\"en-US\",\"@id\":\"https:\\\/\\\/www.la-botte.com\\\/en\\\/product\\\/myrtille-b-blanc-vert-bleu\\\/#primaryimage\",\"url\":\"https:\\\/\\\/cdn.promatec.digital\\\/la-botte\\\/wp-content\\\/uploads\\\/2026\\\/03\\\/298049_BD.jpg\",\"contentUrl\":\"https:\\\/\\\/cdn.promatec.digital\\\/la-botte\\\/wp-content\\\/uploads\\\/2026\\\/03\\\/298049_BD.jpg\",\"width\":200,\"height\":67},{\"@type\":\"BreadcrumbList\",\"@id\":\"https:\\\/\\\/www.la-botte.com\\\/en\\\/product\\\/myrtille-b-blanc-vert-bleu\\\/#breadcrumb\",\"itemListElement\":[{\"@type\":\"ListItem\",\"position\":1,\"name\":\"Home\",\"item\":\"https:\\\/\\\/www.la-botte.com\\\/en\\\/homepage\\\/\"},{\"@type\":\"ListItem\",\"position\":2,\"name\":\"Shop\",\"item\":\"https:\\\/\\\/www.la-botte.com\\\/en\\\/shop\\\/\"},{\"@type\":\"ListItem\",\"position\":3,\"name\":\"Benjie\",\"item\":\"https:\\\/\\\/www.la-botte.com\\\/marque\\\/benjie\\\/\"},{\"@type\":\"ListItem\",\"position\":4,\"name\":\"MYRTILLE B BLANC VERT BLEU\"}]},{\"@type\":\"WebSite\",\"@id\":\"https:\\\/\\\/www.la-botte.com\\\/en\\\/#website\",\"url\":\"https:\\\/\\\/www.la-botte.com\\\/en\\\/\",\"name\":\"La Botte Chantilly\",\"description\":\"\",\"publisher\":{\"@id\":\"https:\\\/\\\/www.la-botte.com\\\/en\\\/#organization\"},\"potentialAction\":[{\"@type\":\"SearchAction\",\"target\":{\"@type\":\"EntryPoint\",\"urlTemplate\":\"https:\\\/\\\/www.la-botte.com\\\/en\\\/?s={search_term_string}\"},\"query-input\":{\"@type\":\"PropertyValueSpecification\",\"valueRequired\":true,\"valueName\":\"search_term_string\"}}],\"inLanguage\":\"en-US\"},{\"@type\":\"Organization\",\"@id\":\"https:\\\/\\\/www.la-botte.com\\\/en\\\/#organization\",\"name\":\"La Botte Chantilly\",\"url\":\"https:\\\/\\\/www.la-botte.com\\\/en\\\/\",\"logo\":{\"@type\":\"ImageObject\",\"inLanguage\":\"en-US\",\"@id\":\"https:\\\/\\\/www.la-botte.com\\\/en\\\/#\\\/schema\\\/logo\\\/image\\\/\",\"url\":\"https:\\\/\\\/cdn.promatec.digital\\\/la-botte\\\/wp-content\\\/uploads\\\/2025\\\/02\\\/logo-labotte.png\",\"contentUrl\":\"https:\\\/\\\/cdn.promatec.digital\\\/la-botte\\\/wp-content\\\/uploads\\\/2025\\\/02\\\/logo-labotte.png\",\"width\":600,\"height\":347,\"caption\":\"La Botte Chantilly\"},\"image\":{\"@id\":\"https:\\\/\\\/www.la-botte.com\\\/en\\\/#\\\/schema\\\/logo\\\/image\\\/\"},\"sameAs\":[\"http:\\\/\\\/www.facebook.com\\\/labottechantilly\",\"http:\\\/\\\/www.instagram.com\\\/labottechantilly\",\"https:\\\/\\\/www.linkedin.com\\\/company\\\/la-botte-chantilly\\\/posts\\\/?feedView=all\"]}]}<\/script>\n<meta property=\"og:availability\" content=\"instock\" \/>\n<meta property=\"product:availability\" content=\"instock\" \/>\n<meta property=\"product:retailer_item_id\" content=\"298049\" \/>\n<meta property=\"product:condition\" content=\"new\" \/>\n<!-- \/ Yoast SEO Premium plugin. -->","yoast_head_json":{"title":"MYRTILLE B BLANC VERT BLEU - La Botte Chantilly","robots":{"index":"index","follow":"follow","max-snippet":"max-snippet:-1","max-image-preview":"max-image-preview:large","max-video-preview":"max-video-preview:-1"},"canonical":"https:\/\/www.la-botte.com\/en\/product\/myrtille-b-blanc-vert-bleu\/","og_locale":"en_US","og_type":"article","og_title":"MYRTILLE B BLANC VERT BLEU","og_description":"White leather Benjie velcro sneakers","og_url":"https:\/\/www.la-botte.com\/en\/product\/myrtille-b-blanc-vert-bleu\/","og_site_name":"La Botte Chantilly","article_publisher":"http:\/\/www.facebook.com\/labottechantilly","og_image":[{"width":200,"height":67,"url":"https:\/\/cdn.promatec.digital\/la-botte\/wp-content\/uploads\/2026\/03\/298049_BD.jpg","type":"image\/jpeg"}],"twitter_card":"summary_large_image","twitter_misc":{"Availability":"In stock"},"schema":{"@context":"https:\/\/schema.org","@graph":[{"@type":"WebPage","@id":"https:\/\/www.la-botte.com\/en\/product\/myrtille-b-blanc-vert-bleu\/","url":"https:\/\/www.la-botte.com\/en\/product\/myrtille-b-blanc-vert-bleu\/","name":"MYRTILLE B BLANC VERT BLEU - La Botte Chantilly","isPartOf":{"@id":"https:\/\/www.la-botte.com\/en\/#website"},"primaryImageOfPage":{"@id":"https:\/\/www.la-botte.com\/en\/product\/myrtille-b-blanc-vert-bleu\/#primaryimage"},"image":{"@id":"https:\/\/www.la-botte.com\/en\/product\/myrtille-b-blanc-vert-bleu\/#primaryimage"},"thumbnailUrl":"https:\/\/cdn.promatec.digital\/la-botte\/wp-content\/uploads\/2026\/03\/298049_BD.jpg","datePublished":"2026-03-07T06:47:49+00:00","breadcrumb":{"@id":"https:\/\/www.la-botte.com\/en\/product\/myrtille-b-blanc-vert-bleu\/#breadcrumb"},"inLanguage":"en-US","potentialAction":[{"@type":"ReadAction","target":["https:\/\/www.la-botte.com\/en\/product\/myrtille-b-blanc-vert-bleu\/"]}]},{"@type":"ImageObject","inLanguage":"en-US","@id":"https:\/\/www.la-botte.com\/en\/product\/myrtille-b-blanc-vert-bleu\/#primaryimage","url":"https:\/\/cdn.promatec.digital\/la-botte\/wp-content\/uploads\/2026\/03\/298049_BD.jpg","contentUrl":"https:\/\/cdn.promatec.digital\/la-botte\/wp-content\/uploads\/2026\/03\/298049_BD.jpg","width":200,"height":67},{"@type":"BreadcrumbList","@id":"https:\/\/www.la-botte.com\/en\/product\/myrtille-b-blanc-vert-bleu\/#breadcrumb","itemListElement":[{"@type":"ListItem","position":1,"name":"Home","item":"https:\/\/www.la-botte.com\/en\/homepage\/"},{"@type":"ListItem","position":2,"name":"Shop","item":"https:\/\/www.la-botte.com\/en\/shop\/"},{"@type":"ListItem","position":3,"name":"Benjie","item":"https:\/\/www.la-botte.com\/marque\/benjie\/"},{"@type":"ListItem","position":4,"name":"MYRTILLE B BLANC VERT BLEU"}]},{"@type":"WebSite","@id":"https:\/\/www.la-botte.com\/en\/#website","url":"https:\/\/www.la-botte.com\/en\/","name":"La Botte Chantilly","description":"","publisher":{"@id":"https:\/\/www.la-botte.com\/en\/#organization"},"potentialAction":[{"@type":"SearchAction","target":{"@type":"EntryPoint","urlTemplate":"https:\/\/www.la-botte.com\/en\/?s={search_term_string}"},"query-input":{"@type":"PropertyValueSpecification","valueRequired":true,"valueName":"search_term_string"}}],"inLanguage":"en-US"},{"@type":"Organization","@id":"https:\/\/www.la-botte.com\/en\/#organization","name":"La Botte Chantilly","url":"https:\/\/www.la-botte.com\/en\/","logo":{"@type":"ImageObject","inLanguage":"en-US","@id":"https:\/\/www.la-botte.com\/en\/#\/schema\/logo\/image\/","url":"https:\/\/cdn.promatec.digital\/la-botte\/wp-content\/uploads\/2025\/02\/logo-labotte.png","contentUrl":"https:\/\/cdn.promatec.digital\/la-botte\/wp-content\/uploads\/2025\/02\/logo-labotte.png","width":600,"height":347,"caption":"La Botte Chantilly"},"image":{"@id":"https:\/\/www.la-botte.com\/en\/#\/schema\/logo\/image\/"},"sameAs":["http:\/\/www.facebook.com\/labottechantilly","http:\/\/www.instagram.com\/labottechantilly","https:\/\/www.linkedin.com\/company\/la-botte-chantilly\/posts\/?feedView=all"]}]},"og_availability":"instock","product_availability":"instock","product_retailer_item_id":"298049","product_condition":"new"},"_links":{"self":[{"href":"https:\/\/www.la-botte.com\/en\/wp-json\/wp\/v2\/product\/1550890","targetHints":{"allow":["GET"]}}],"collection":[{"href":"https:\/\/www.la-botte.com\/en\/wp-json\/wp\/v2\/product"}],"about":[{"href":"https:\/\/www.la-botte.com\/en\/wp-json\/wp\/v2\/types\/product"}],"replies":[{"embeddable":true,"href":"https:\/\/www.la-botte.com\/en\/wp-json\/wp\/v2\/comments?post=1550890"}],"version-history":[{"count":0,"href":"https:\/\/www.la-botte.com\/en\/wp-json\/wp\/v2\/product\/1550890\/revisions"}],"wp:featuredmedia":[{"embeddable":true,"href":"https:\/\/www.la-botte.com\/en\/wp-json\/wp\/v2\/media\/1550872"}],"wp:attachment":[{"href":"https:\/\/www.la-botte.com\/en\/wp-json\/wp\/v2\/media?parent=1550890"}],"wp:term":[{"taxonomy":"pages-promo","embeddable":true,"href":"https:\/\/www.la-botte.com\/en\/wp-json\/wp\/v2\/pages-promo?post=1550890"},{"taxonomy":"selection","embeddable":true,"href":"https:\/\/www.la-botte.com\/en\/wp-json\/wp\/v2\/selection?post=1550890"},{"taxonomy":"product_brand","embeddable":true,"href":"https:\/\/www.la-botte.com\/en\/wp-json\/wp\/v2\/product_brand?post=1550890"},{"taxonomy":"product_cat","embeddable":true,"href":"https:\/\/www.la-botte.com\/en\/wp-json\/wp\/v2\/product_cat?post=1550890"},{"taxonomy":"product_tag","embeddable":true,"href":"https:\/\/www.la-botte.com\/en\/wp-json\/wp\/v2\/product_tag?post=1550890"}],"curies":[{"name":"wp","href":"https:\/\/api.w.org\/{rel}","templated":true}]}}